{"id":11533,"date":"2023-01-13T11:46:44","date_gmt":"2023-01-13T11:46:44","guid":{"rendered":"https:\/\/dolfin.com.tr\/product\/alpen-musli-seker-ilavesiz-560-g\/"},"modified":"2025-08-19T09:35:01","modified_gmt":"2025-08-19T09:35:01","slug":"alpen-musli-seker-ilavesiz-560-g","status":"publish","type":"product","link":"https:\/\/dolfin.com.tr\/en\/product\/alpen-musli-seker-ilavesiz-560-g\/","title":{"rendered":"Alpen M\u00fcsli \u015eeker \u0130lavesiz 560 g"},"content":{"rendered":"","protected":false},"excerpt":{"rendered":"<ul>\n<li>Ambalaj Bilgileri : 10 x 560 g<\/li>\n<li>\u00dcr\u00fcn Kodu : 100.03.013<\/li>\n<\/ul>\n","protected":false},"featured_media":13639,"template":"","meta":[],"product_cat":[199],"product_tag":[],"class_list":["post-11533","product","type-product","status-publish","has-post-thumbnail","hentry","product_cat-breakfast-foods","yith_product_brand-alpen-en"],"_links":{"self":[{"href":"https:\/\/dolfin.com.tr\/en\/wp-json\/wp\/v3\/product\/11533","targetHints":{"allow":["GET"]}}],"collection":[{"href":"https:\/\/dolfin.com.tr\/en\/wp-json\/wp\/v3\/product"}],"about":[{"href":"https:\/\/dolfin.com.tr\/en\/wp-json\/wp\/v2\/types\/product"}],"version-history":[{"count":6,"href":"https:\/\/dolfin.com.tr\/en\/wp-json\/wp\/v3\/product\/11533\/revisions"}],"predecessor-version":[{"id":13640,"href":"https:\/\/dolfin.com.tr\/en\/wp-json\/wp\/v3\/product\/11533\/revisions\/13640"}],"wp:featuredmedia":[{"embeddable":true,"href":"https:\/\/dolfin.com.tr\/en\/wp-json\/wp\/v2\/media\/13639"}],"wp:attachment":[{"href":"https:\/\/dolfin.com.tr\/en\/wp-json\/wp\/v2\/media?parent=11533"}],"wp:term":[{"taxonomy":"product_cat","embeddable":true,"href":"https:\/\/dolfin.com.tr\/en\/wp-json\/wp\/v2\/product_cat?post=11533"},{"taxonomy":"product_tag","embeddable":true,"href":"https:\/\/dolfin.com.tr\/en\/wp-json\/wp\/v2\/product_tag?post=11533"}],"curies":[{"name":"wp","href":"https:\/\/api.w.org\/{rel}","templated":true}]}}