{"id":11395,"date":"2023-02-05T22:41:13","date_gmt":"2023-02-05T22:41:13","guid":{"rendered":"https:\/\/dolfin.com.tr\/product\/squid-balik-sosu-300ml\/"},"modified":"2026-04-06T23:48:18","modified_gmt":"2026-04-06T23:48:18","slug":"squid-balik-sosu-300ml","status":"publish","type":"product","link":"https:\/\/dolfin.com.tr\/en\/product\/squid-balik-sosu-300ml\/","title":{"rendered":"Squid Bal\u0131k Sosu 300 ml"},"content":{"rendered":"","protected":false},"excerpt":{"rendered":"<ul>\n<li>Ambalaj Bilgileri : 12 x 300 ml<\/li>\n<li>\u00dcr\u00fcn Kodu : 168.06.002<\/li>\n<\/ul>\n<div class=\"tarif-title\">\u00dcr\u00fcnle ilgili Tarifler<\/div>\n<ul class=\"tarifler\">\n<li>\n<a href=\"https:\/\/dolfin.com.tr\/uzakdogu-usulu-tavuk-ve-noodle\/\">Uzakdo\u011fu Usul\u00fc Tavuk ve Noodle<\/a><\/p>\n<\/li>\n<li>\n<p><a href=\"https:\/\/dolfin.com.tr\/vietnam-usulu-tavuklu-pirinc-eristesi-corbasi-2\/\">Vietnam Usul\u00fc Tavuklu Pirin\u00e7 Eri\u015ftesi \u00c7orbas\u0131<\/a>\n<\/li>\n<\/ul>\n","protected":false},"featured_media":11028,"template":"","meta":[],"product_cat":[166],"product_tag":[],"class_list":["post-11395","product","type-product","status-publish","has-post-thumbnail","hentry","product_cat-sauces-marinades-and-pates","yith_product_brand-squid-brand"],"_links":{"self":[{"href":"https:\/\/dolfin.com.tr\/en\/wp-json\/wp\/v3\/product\/11395","targetHints":{"allow":["GET"]}}],"collection":[{"href":"https:\/\/dolfin.com.tr\/en\/wp-json\/wp\/v3\/product"}],"about":[{"href":"https:\/\/dolfin.com.tr\/en\/wp-json\/wp\/v2\/types\/product"}],"version-history":[{"count":5,"href":"https:\/\/dolfin.com.tr\/en\/wp-json\/wp\/v3\/product\/11395\/revisions"}],"predecessor-version":[{"id":12694,"href":"https:\/\/dolfin.com.tr\/en\/wp-json\/wp\/v3\/product\/11395\/revisions\/12694"}],"wp:featuredmedia":[{"embeddable":true,"href":"https:\/\/dolfin.com.tr\/en\/wp-json\/wp\/v2\/media\/11028"}],"wp:attachment":[{"href":"https:\/\/dolfin.com.tr\/en\/wp-json\/wp\/v2\/media?parent=11395"}],"wp:term":[{"taxonomy":"product_cat","embeddable":true,"href":"https:\/\/dolfin.com.tr\/en\/wp-json\/wp\/v2\/product_cat?post=11395"},{"taxonomy":"product_tag","embeddable":true,"href":"https:\/\/dolfin.com.tr\/en\/wp-json\/wp\/v2\/product_tag?post=11395"}],"curies":[{"name":"wp","href":"https:\/\/api.w.org\/{rel}","templated":true}]}}