{"id":11303,"date":"2023-03-10T09:12:28","date_gmt":"2023-03-10T09:12:28","guid":{"rendered":"https:\/\/dolfin.com.tr\/product\/chef-seansons-tutsulenmis-biber-tozu-550-g\/"},"modified":"2023-08-17T08:24:58","modified_gmt":"2023-08-17T08:24:58","slug":"chef-seasons-tutsulenmis-biber-tozu-550-g","status":"publish","type":"product","link":"https:\/\/dolfin.com.tr\/en\/product\/chef-seasons-tutsulenmis-biber-tozu-550-g\/","title":{"rendered":"Chef Seasons T\u00fcts\u00fclenmi\u015f Biber Tozu 550 g"},"content":{"rendered":"","protected":false},"excerpt":{"rendered":"<ul>\n<li>Ambalaj Bilgileri : 6 x 550 g<\/li>\n<li>\u00dcr\u00fcn Kodu : 295.01.027<\/li>\n<\/ul>\n","protected":false},"featured_media":12421,"template":"","meta":[],"product_cat":[184],"product_tag":[],"class_list":["post-11303","product","type-product","status-publish","has-post-thumbnail","hentry","product_cat-spices-salt-and-flavors","yith_product_brand-chef-seasons"],"_links":{"self":[{"href":"https:\/\/dolfin.com.tr\/en\/wp-json\/wp\/v3\/product\/11303","targetHints":{"allow":["GET"]}}],"collection":[{"href":"https:\/\/dolfin.com.tr\/en\/wp-json\/wp\/v3\/product"}],"about":[{"href":"https:\/\/dolfin.com.tr\/en\/wp-json\/wp\/v2\/types\/product"}],"version-history":[{"count":6,"href":"https:\/\/dolfin.com.tr\/en\/wp-json\/wp\/v3\/product\/11303\/revisions"}],"predecessor-version":[{"id":12454,"href":"https:\/\/dolfin.com.tr\/en\/wp-json\/wp\/v3\/product\/11303\/revisions\/12454"}],"wp:featuredmedia":[{"embeddable":true,"href":"https:\/\/dolfin.com.tr\/en\/wp-json\/wp\/v2\/media\/12421"}],"wp:attachment":[{"href":"https:\/\/dolfin.com.tr\/en\/wp-json\/wp\/v2\/media?parent=11303"}],"wp:term":[{"taxonomy":"product_cat","embeddable":true,"href":"https:\/\/dolfin.com.tr\/en\/wp-json\/wp\/v2\/product_cat?post=11303"},{"taxonomy":"product_tag","embeddable":true,"href":"https:\/\/dolfin.com.tr\/en\/wp-json\/wp\/v2\/product_tag?post=11303"}],"curies":[{"name":"wp","href":"https:\/\/api.w.org\/{rel}","templated":true}]}}