{"id":11163,"date":"2023-03-21T19:23:34","date_gmt":"2023-03-21T19:23:34","guid":{"rendered":"https:\/\/dolfin.com.tr\/product\/crying-thaiger-sriracha-aci-biber-sosu-440-ml\/"},"modified":"2024-01-15T23:40:56","modified_gmt":"2024-01-15T23:40:56","slug":"crying-thaiger-sriracha-chilli-sauce440-ml","status":"publish","type":"product","link":"https:\/\/dolfin.com.tr\/en\/product\/crying-thaiger-sriracha-chilli-sauce440-ml\/","title":{"rendered":"Crying Thaiger Sriracha Chilli Sauce440 ml"},"content":{"rendered":"\t\t<div data-elementor-type=\"wp-post\" data-elementor-id=\"11163\" class=\"elementor elementor-11163\">\n\t\t\t\t\t\t\t        <section class=\"has_eae_slider elementor-section elementor-top-section elementor-element elementor-element-930b80d elementor-section-boxed elementor-section-height-default elementor-section-height-default ct-header-fixed-none ct-column-none ct-row-scroll-none\" data-id=\"930b80d\" data-element_type=\"section\">\n            \n                        <div class=\"elementor-container elementor-column-gap-default \">\n                    <div class=\"has_eae_slider elementor-column elementor-col-100 elementor-top-column elementor-element elementor-element-25c4fef ct-column-none\" data-id=\"25c4fef\" data-element_type=\"column\">\n            <div class=\"elementor-widget-wrap elementor-element-populated\">\n                        \t\t<div class=\"elementor-element elementor-element-6c2fd93 elementor-widget elementor-widget-global elementor-global-9201 elementor-widget-yith_wcbr_brand_product\" data-id=\"6c2fd93\" data-element_type=\"widget\" data-widget_type=\"yith_wcbr_brand_product.default\">\n\t\t\t\t<div class=\"elementor-widget-container\">\n\t\t\t\n<div class=\"woocommerce yith-wcbr-product\">\n\t<div class=\"yith-wcbr-title\">\n\t\t\t<\/div>\n\n\t\n\t<div class=\"yith-wcbr-product-list row\">\n\t\t\t\t\t<ul class=\"products columns-4\">\n\t\t\t\t<li class=\"product type-product post-11449 status-publish first instock product_cat-snacks has-post-thumbnail shipping-taxable product-type-simple\">\n\t\t<div class=\"woocommerce-product-inner\" >\n\t\t<div class=\"woocommerce-product-header\">\n\t\t\t<a class=\"woocommerce-product-details\" href=\"https:\/\/dolfin.com.tr\/en\/product\/poco-loco-nacho-chips-450-g\/\">\n\t\t\t\t<img decoding=\"async\" width=\"300\" height=\"300\" src=\"https:\/\/dolfin.com.tr\/wp-content\/uploads\/2023\/01\/Poco-Loco-Nacho-Chips--300x300.jpg\" class=\"attachment-woocommerce_thumbnail size-woocommerce_thumbnail\" alt=\"\" srcset=\"https:\/\/dolfin.com.tr\/wp-content\/uploads\/2023\/01\/Poco-Loco-Nacho-Chips--300x300.jpg 300w, https:\/\/dolfin.com.tr\/wp-content\/uploads\/2023\/01\/Poco-Loco-Nacho-Chips--150x150.jpg 150w, https:\/\/dolfin.com.tr\/wp-content\/uploads\/2023\/01\/Poco-Loco-Nacho-Chips--460x460.jpg 460w\" sizes=\"(max-width: 300px) 100vw, 300px\" \/>\t\t\t<\/a>\n\t\t\t<div class=\"woocommerce-product-meta\">\n\t\t\t\t\t\t\t\t\t<div class=\"woocommerce-wishlist\">\n\t\t\t\t    \t<button class=\"woosw-btn woosw-btn-11449\" data-id=\"11449\" data-product_name=\"Poco Loco Nacho Chips 450 g\" data-product_image=\"https:\/\/dolfin.com.tr\/wp-content\/uploads\/2023\/01\/Poco-Loco-Nacho-Chips--150x150.jpg\">Add to wishlist<\/button>\t\t\t\t\t<\/div>\n\t\t\t\t\t\t\t\t                <div>\n                    <a class=\"woocommerce-btn-link\" href=\"https:\/\/dolfin.com.tr\/en\/product\/poco-loco-nacho-chips-450-g\/\">\n                        <svg version=\"1.1\" xmlns=\"http:\/\/www.w3.org\/2000\/svg\" xmlns:xlink=\"http:\/\/www.w3.org\/1999\/xlink\" x=\"0px\" y=\"0px\"\n                             viewBox=\"0 0 482.8 482.8\" xml:space=\"preserve\">\n                            <path d=\"M255.2,209.3c-5.3,5.3-5.3,13.8,0,19.1c21.9,21.9,21.9,57.5,0,79.4l-115,115c-21.9,21.9-57.5,21.9-79.4,0l-17.3-17.3\n                                c-21.9-21.9-21.9-57.5,0-79.4l115-115c5.3-5.3,5.3-13.8,0-19.1s-13.8-5.3-19.1,0l-115,115C8.7,322.7,0,343.6,0,365.8\n                                c0,22.2,8.6,43.1,24.4,58.8l17.3,17.3c16.2,16.2,37.5,24.3,58.8,24.3s42.6-8.1,58.8-24.3l115-115c32.4-32.4,32.4-85.2,0-117.6\n                                C269.1,204,260.5,204,255.2,209.3z\"\/>\n                            <path d=\"M458.5,58.2l-17.3-17.3c-32.4-32.4-85.2-32.4-117.6,0l-115,115c-32.4,32.4-32.4,85.2,0,117.6c5.3,5.3,13.8,5.3,19.1,0\n                                s5.3-13.8,0-19.1c-21.9-21.9-21.9-57.5,0-79.4l115-115c21.9-21.9,57.5-21.9,79.4,0l17.3,17.3c21.9,21.9,21.9,57.5,0,79.4l-115,115\n                                c-5.3,5.3-5.3,13.8,0,19.1c2.6,2.6,6.1,4,9.5,4s6.9-1.3,9.5-4l115-115c15.7-15.7,24.4-36.6,24.4-58.8\n                                C482.8,94.8,474.2,73.9,458.5,58.2z\"\/>\n                        <\/svg>\n                    <\/a>\n                <\/div>\n\t\t\t<\/div>\n\t\t<\/div>\n\t\t<div class=\"woocommerce-product-content\">\n\t\t\t<h4 class=\"woocommerce-product--title\">\n\t\t\t\t<a href=\"https:\/\/dolfin.com.tr\/en\/product\/poco-loco-nacho-chips-450-g\/\" >Poco Loco Nacho Chips 450 g<\/a>\n\t\t\t<\/h4>\n\t\t\t\n\t\t\t<div class=\"woocommerce-product--rating\">\n\t\t\t\t\t\t\t<\/div>\n\t\t\t<div class=\"woocommerce-product--excerpt\" style=\"display: none;\">\n\t\t\t\t<div class=\"woocommerce-product-details__short-description\">\n\t<ul>\n<li>Ambalaj Bilgileri : 12 x 450 g<\/li>\n<li>\u00dcr\u00fcn Kodu : 156.19.002<\/li>\n<\/ul>\n<\/div>\n\t\t\t<\/div>\n\t\t\t\t\t\t\t<div class=\"woocommerce-add-to-cart\">\n\t\t\t    \t<a href=\"https:\/\/dolfin.com.tr\/en\/product\/poco-loco-nacho-chips-450-g\/\" data-quantity=\"1\" class=\"button wp-element-button product_type_simple\" data-product_id=\"11449\" data-product_sku=\"\" aria-label=\"Read more about &ldquo;Poco Loco Nacho Chips 450 g&rdquo;\" rel=\"nofollow\">Read more<\/a>\t\t\t\t<\/div>\n\t\t\t\t\t<\/div>\n\t<\/div>\n<button class=\"woosw-btn woosw-btn-11449\" data-id=\"11449\" data-product_name=\"Poco Loco Nacho Chips 450 g\" data-product_image=\"https:\/\/dolfin.com.tr\/wp-content\/uploads\/2023\/01\/Poco-Loco-Nacho-Chips--150x150.jpg\">Add to wishlist<\/button><\/li>\n<li class=\"product type-product post-11303 status-publish instock product_cat-spices-salt-and-flavors has-post-thumbnail shipping-taxable product-type-simple\">\n\t\t<div class=\"woocommerce-product-inner\" >\n\t\t<div class=\"woocommerce-product-header\">\n\t\t\t<a class=\"woocommerce-product-details\" href=\"https:\/\/dolfin.com.tr\/en\/product\/chef-seasons-tutsulenmis-biber-tozu-550-g\/\">\n\t\t\t\t<img decoding=\"async\" width=\"300\" height=\"300\" src=\"https:\/\/dolfin.com.tr\/wp-content\/uploads\/2023\/03\/chef-seasons-tutsulenmis-biber-tozu-300x300.jpg\" class=\"attachment-woocommerce_thumbnail size-woocommerce_thumbnail\" alt=\"\" srcset=\"https:\/\/dolfin.com.tr\/wp-content\/uploads\/2023\/03\/chef-seasons-tutsulenmis-biber-tozu-300x300.jpg 300w, https:\/\/dolfin.com.tr\/wp-content\/uploads\/2023\/03\/chef-seasons-tutsulenmis-biber-tozu-150x150.jpg 150w, https:\/\/dolfin.com.tr\/wp-content\/uploads\/2023\/03\/chef-seasons-tutsulenmis-biber-tozu-700x700.jpg 700w\" sizes=\"(max-width: 300px) 100vw, 300px\" \/>\t\t\t<\/a>\n\t\t\t<div class=\"woocommerce-product-meta\">\n\t\t\t\t\t\t\t\t\t<div class=\"woocommerce-wishlist\">\n\t\t\t\t    \t<button class=\"woosw-btn woosw-btn-11303\" data-id=\"11303\" data-product_name=\"Chef Seasons T\u00fcts\u00fclenmi\u015f Biber Tozu 550 g\" data-product_image=\"https:\/\/dolfin.com.tr\/wp-content\/uploads\/2023\/03\/chef-seasons-tutsulenmis-biber-tozu-150x150.jpg\">Add to wishlist<\/button>\t\t\t\t\t<\/div>\n\t\t\t\t\t\t\t\t                <div>\n                    <a class=\"woocommerce-btn-link\" href=\"https:\/\/dolfin.com.tr\/en\/product\/chef-seasons-tutsulenmis-biber-tozu-550-g\/\">\n                        <svg version=\"1.1\" xmlns=\"http:\/\/www.w3.org\/2000\/svg\" xmlns:xlink=\"http:\/\/www.w3.org\/1999\/xlink\" x=\"0px\" y=\"0px\"\n                             viewBox=\"0 0 482.8 482.8\" xml:space=\"preserve\">\n                            <path d=\"M255.2,209.3c-5.3,5.3-5.3,13.8,0,19.1c21.9,21.9,21.9,57.5,0,79.4l-115,115c-21.9,21.9-57.5,21.9-79.4,0l-17.3-17.3\n                                c-21.9-21.9-21.9-57.5,0-79.4l115-115c5.3-5.3,5.3-13.8,0-19.1s-13.8-5.3-19.1,0l-115,115C8.7,322.7,0,343.6,0,365.8\n                                c0,22.2,8.6,43.1,24.4,58.8l17.3,17.3c16.2,16.2,37.5,24.3,58.8,24.3s42.6-8.1,58.8-24.3l115-115c32.4-32.4,32.4-85.2,0-117.6\n                                C269.1,204,260.5,204,255.2,209.3z\"\/>\n                            <path d=\"M458.5,58.2l-17.3-17.3c-32.4-32.4-85.2-32.4-117.6,0l-115,115c-32.4,32.4-32.4,85.2,0,117.6c5.3,5.3,13.8,5.3,19.1,0\n                                s5.3-13.8,0-19.1c-21.9-21.9-21.9-57.5,0-79.4l115-115c21.9-21.9,57.5-21.9,79.4,0l17.3,17.3c21.9,21.9,21.9,57.5,0,79.4l-115,115\n                                c-5.3,5.3-5.3,13.8,0,19.1c2.6,2.6,6.1,4,9.5,4s6.9-1.3,9.5-4l115-115c15.7-15.7,24.4-36.6,24.4-58.8\n                                C482.8,94.8,474.2,73.9,458.5,58.2z\"\/>\n                        <\/svg>\n                    <\/a>\n                <\/div>\n\t\t\t<\/div>\n\t\t<\/div>\n\t\t<div class=\"woocommerce-product-content\">\n\t\t\t<h4 class=\"woocommerce-product--title\">\n\t\t\t\t<a href=\"https:\/\/dolfin.com.tr\/en\/product\/chef-seasons-tutsulenmis-biber-tozu-550-g\/\" >Chef Seasons T\u00fcts\u00fclenmi\u015f Biber Tozu 550 g<\/a>\n\t\t\t<\/h4>\n\t\t\t\n\t\t\t<div class=\"woocommerce-product--rating\">\n\t\t\t\t\t\t\t<\/div>\n\t\t\t<div class=\"woocommerce-product--excerpt\" style=\"display: none;\">\n\t\t\t\t<div class=\"woocommerce-product-details__short-description\">\n\t<ul>\n<li>Ambalaj Bilgileri : 6 x 550 g<\/li>\n<li>\u00dcr\u00fcn Kodu : 295.01.027<\/li>\n<\/ul>\n<\/div>\n\t\t\t<\/div>\n\t\t\t\t\t\t\t<div class=\"woocommerce-add-to-cart\">\n\t\t\t    \t<a href=\"https:\/\/dolfin.com.tr\/en\/product\/chef-seasons-tutsulenmis-biber-tozu-550-g\/\" data-quantity=\"1\" class=\"button wp-element-button product_type_simple\" data-product_id=\"11303\" data-product_sku=\"\" aria-label=\"Read more about &ldquo;Chef Seasons T\u00fcts\u00fclenmi\u015f Biber Tozu 550 g&rdquo;\" rel=\"nofollow\">Read more<\/a>\t\t\t\t<\/div>\n\t\t\t\t\t<\/div>\n\t<\/div>\n<button class=\"woosw-btn woosw-btn-11303\" data-id=\"11303\" data-product_name=\"Chef Seasons T\u00fcts\u00fclenmi\u015f Biber Tozu 550 g\" data-product_image=\"https:\/\/dolfin.com.tr\/wp-content\/uploads\/2023\/03\/chef-seasons-tutsulenmis-biber-tozu-150x150.jpg\">Add to wishlist<\/button><\/li>\n<li class=\"product type-product post-11363 status-publish instock product_cat-beverages product_tag-sugar-free has-post-thumbnail shipping-taxable product-type-simple\">\n\t\t<div class=\"woocommerce-product-inner\" >\n\t\t<div class=\"woocommerce-product-header\">\n\t\t\t<a class=\"woocommerce-product-details\" href=\"https:\/\/dolfin.com.tr\/en\/product\/fomilk-hazelnut-drink-no-sugar-added-1-l\/\">\n\t\t\t\t<img decoding=\"async\" width=\"300\" height=\"300\" src=\"https:\/\/dolfin.com.tr\/wp-content\/uploads\/2023\/02\/Fomilk-Findik-Sekeriz-1-Lt-1-300x300.jpg\" class=\"attachment-woocommerce_thumbnail size-woocommerce_thumbnail\" alt=\"\" srcset=\"https:\/\/dolfin.com.tr\/wp-content\/uploads\/2023\/02\/Fomilk-Findik-Sekeriz-1-Lt-1-300x300.jpg 300w, https:\/\/dolfin.com.tr\/wp-content\/uploads\/2023\/02\/Fomilk-Findik-Sekeriz-1-Lt-1-150x150.jpg 150w, https:\/\/dolfin.com.tr\/wp-content\/uploads\/2023\/02\/Fomilk-Findik-Sekeriz-1-Lt-1-700x700.jpg 700w\" sizes=\"(max-width: 300px) 100vw, 300px\" \/>\t\t\t<\/a>\n\t\t\t<div class=\"woocommerce-product-meta\">\n\t\t\t\t\t\t\t\t\t<div class=\"woocommerce-wishlist\">\n\t\t\t\t    \t<button class=\"woosw-btn woosw-btn-11363\" data-id=\"11363\" data-product_name=\"Fomilk Hazelnut Drink (No Sugar Added) 1 l\" data-product_image=\"https:\/\/dolfin.com.tr\/wp-content\/uploads\/2023\/02\/Fomilk-Findik-Sekeriz-1-Lt-1-150x150.jpg\">Add to wishlist<\/button>\t\t\t\t\t<\/div>\n\t\t\t\t\t\t\t\t                <div>\n                    <a class=\"woocommerce-btn-link\" href=\"https:\/\/dolfin.com.tr\/en\/product\/fomilk-hazelnut-drink-no-sugar-added-1-l\/\">\n                        <svg version=\"1.1\" xmlns=\"http:\/\/www.w3.org\/2000\/svg\" xmlns:xlink=\"http:\/\/www.w3.org\/1999\/xlink\" x=\"0px\" y=\"0px\"\n                             viewBox=\"0 0 482.8 482.8\" xml:space=\"preserve\">\n                            <path d=\"M255.2,209.3c-5.3,5.3-5.3,13.8,0,19.1c21.9,21.9,21.9,57.5,0,79.4l-115,115c-21.9,21.9-57.5,21.9-79.4,0l-17.3-17.3\n                                c-21.9-21.9-21.9-57.5,0-79.4l115-115c5.3-5.3,5.3-13.8,0-19.1s-13.8-5.3-19.1,0l-115,115C8.7,322.7,0,343.6,0,365.8\n                                c0,22.2,8.6,43.1,24.4,58.8l17.3,17.3c16.2,16.2,37.5,24.3,58.8,24.3s42.6-8.1,58.8-24.3l115-115c32.4-32.4,32.4-85.2,0-117.6\n                                C269.1,204,260.5,204,255.2,209.3z\"\/>\n                            <path d=\"M458.5,58.2l-17.3-17.3c-32.4-32.4-85.2-32.4-117.6,0l-115,115c-32.4,32.4-32.4,85.2,0,117.6c5.3,5.3,13.8,5.3,19.1,0\n                                s5.3-13.8,0-19.1c-21.9-21.9-21.9-57.5,0-79.4l115-115c21.9-21.9,57.5-21.9,79.4,0l17.3,17.3c21.9,21.9,21.9,57.5,0,79.4l-115,115\n                                c-5.3,5.3-5.3,13.8,0,19.1c2.6,2.6,6.1,4,9.5,4s6.9-1.3,9.5-4l115-115c15.7-15.7,24.4-36.6,24.4-58.8\n                                C482.8,94.8,474.2,73.9,458.5,58.2z\"\/>\n                        <\/svg>\n                    <\/a>\n                <\/div>\n\t\t\t<\/div>\n\t\t<\/div>\n\t\t<div class=\"woocommerce-product-content\">\n\t\t\t<h4 class=\"woocommerce-product--title\">\n\t\t\t\t<a href=\"https:\/\/dolfin.com.tr\/en\/product\/fomilk-hazelnut-drink-no-sugar-added-1-l\/\" >Fomilk Hazelnut Drink (No Sugar Added) 1 l<\/a>\n\t\t\t<\/h4>\n\t\t\t\n\t\t\t<div class=\"woocommerce-product--rating\">\n\t\t\t\t\t\t\t<\/div>\n\t\t\t<div class=\"woocommerce-product--excerpt\" style=\"display: none;\">\n\t\t\t\t<div class=\"woocommerce-product-details__short-description\">\n\t<ul>\n<li>Packaging Details : 12 x 1 lt<\/li>\n<li>Product Code : 316.04.006<\/li>\n<\/ul>\n<\/div>\n\t\t\t<\/div>\n\t\t\t\t\t\t\t<div class=\"woocommerce-add-to-cart\">\n\t\t\t    \t<a href=\"https:\/\/dolfin.com.tr\/en\/product\/fomilk-hazelnut-drink-no-sugar-added-1-l\/\" data-quantity=\"1\" class=\"button wp-element-button product_type_simple\" data-product_id=\"11363\" data-product_sku=\"\" aria-label=\"Read more about &ldquo;Fomilk Hazelnut Drink (No Sugar Added) 1 l&rdquo;\" rel=\"nofollow\">Read more<\/a>\t\t\t\t<\/div>\n\t\t\t\t\t<\/div>\n\t<\/div>\n<button class=\"woosw-btn woosw-btn-11363\" data-id=\"11363\" data-product_name=\"Fomilk Hazelnut Drink (No Sugar Added) 1 l\" data-product_image=\"https:\/\/dolfin.com.tr\/wp-content\/uploads\/2023\/02\/Fomilk-Findik-Sekeriz-1-Lt-1-150x150.jpg\">Add to wishlist<\/button><\/li>\n<li class=\"product type-product post-13245 status-publish last instock product_cat-sauces-marinades-and-pates has-post-thumbnail shipping-taxable product-type-simple\">\n\t\t<div class=\"woocommerce-product-inner\" >\n\t\t<div class=\"woocommerce-product-header\">\n\t\t\t<a class=\"woocommerce-product-details\" href=\"https:\/\/dolfin.com.tr\/en\/product\/amoy-oyster-sauce-570-g\/\">\n\t\t\t\t<img decoding=\"async\" width=\"300\" height=\"300\" src=\"https:\/\/dolfin.com.tr\/wp-content\/uploads\/2024\/09\/amoy-istiridye-sos-300x300.jpg\" class=\"attachment-woocommerce_thumbnail size-woocommerce_thumbnail\" alt=\"\" srcset=\"https:\/\/dolfin.com.tr\/wp-content\/uploads\/2024\/09\/amoy-istiridye-sos-300x300.jpg 300w, https:\/\/dolfin.com.tr\/wp-content\/uploads\/2024\/09\/amoy-istiridye-sos-150x150.jpg 150w\" sizes=\"(max-width: 300px) 100vw, 300px\" \/>\t\t\t<\/a>\n\t\t\t<div class=\"woocommerce-product-meta\">\n\t\t\t\t\t\t\t\t\t<div class=\"woocommerce-wishlist\">\n\t\t\t\t    \t<button class=\"woosw-btn woosw-btn-13245\" data-id=\"13245\" data-product_name=\"Amoy - Oyster Sauce 570 G\" data-product_image=\"https:\/\/dolfin.com.tr\/wp-content\/uploads\/2024\/09\/amoy-istiridye-sos-150x150.jpg\">Add to wishlist<\/button>\t\t\t\t\t<\/div>\n\t\t\t\t\t\t\t\t                <div>\n                    <a class=\"woocommerce-btn-link\" href=\"https:\/\/dolfin.com.tr\/en\/product\/amoy-oyster-sauce-570-g\/\">\n                        <svg version=\"1.1\" xmlns=\"http:\/\/www.w3.org\/2000\/svg\" xmlns:xlink=\"http:\/\/www.w3.org\/1999\/xlink\" x=\"0px\" y=\"0px\"\n                             viewBox=\"0 0 482.8 482.8\" xml:space=\"preserve\">\n                            <path d=\"M255.2,209.3c-5.3,5.3-5.3,13.8,0,19.1c21.9,21.9,21.9,57.5,0,79.4l-115,115c-21.9,21.9-57.5,21.9-79.4,0l-17.3-17.3\n                                c-21.9-21.9-21.9-57.5,0-79.4l115-115c5.3-5.3,5.3-13.8,0-19.1s-13.8-5.3-19.1,0l-115,115C8.7,322.7,0,343.6,0,365.8\n                                c0,22.2,8.6,43.1,24.4,58.8l17.3,17.3c16.2,16.2,37.5,24.3,58.8,24.3s42.6-8.1,58.8-24.3l115-115c32.4-32.4,32.4-85.2,0-117.6\n                                C269.1,204,260.5,204,255.2,209.3z\"\/>\n                            <path d=\"M458.5,58.2l-17.3-17.3c-32.4-32.4-85.2-32.4-117.6,0l-115,115c-32.4,32.4-32.4,85.2,0,117.6c5.3,5.3,13.8,5.3,19.1,0\n                                s5.3-13.8,0-19.1c-21.9-21.9-21.9-57.5,0-79.4l115-115c21.9-21.9,57.5-21.9,79.4,0l17.3,17.3c21.9,21.9,21.9,57.5,0,79.4l-115,115\n                                c-5.3,5.3-5.3,13.8,0,19.1c2.6,2.6,6.1,4,9.5,4s6.9-1.3,9.5-4l115-115c15.7-15.7,24.4-36.6,24.4-58.8\n                                C482.8,94.8,474.2,73.9,458.5,58.2z\"\/>\n                        <\/svg>\n                    <\/a>\n                <\/div>\n\t\t\t<\/div>\n\t\t<\/div>\n\t\t<div class=\"woocommerce-product-content\">\n\t\t\t<h4 class=\"woocommerce-product--title\">\n\t\t\t\t<a href=\"https:\/\/dolfin.com.tr\/en\/product\/amoy-oyster-sauce-570-g\/\" >Amoy &#8211; Oyster Sauce 570 G<\/a>\n\t\t\t<\/h4>\n\t\t\t\n\t\t\t<div class=\"woocommerce-product--rating\">\n\t\t\t\t\t\t\t<\/div>\n\t\t\t<div class=\"woocommerce-product--excerpt\" style=\"display: none;\">\n\t\t\t\t<div class=\"woocommerce-product-details__short-description\">\n\t<ul>\n<li>Packaging Details : 12 x 570 g<\/li>\n<li>Product Code : 102.06.047<\/li>\n<\/ul>\n<\/div>\n\t\t\t<\/div>\n\t\t\t\t\t\t\t<div class=\"woocommerce-add-to-cart\">\n\t\t\t    \t<a href=\"https:\/\/dolfin.com.tr\/en\/product\/amoy-oyster-sauce-570-g\/\" data-quantity=\"1\" class=\"button wp-element-button product_type_simple\" data-product_id=\"13245\" data-product_sku=\"\" aria-label=\"Read more about &ldquo;Amoy - Oyster Sauce 570 G&rdquo;\" rel=\"nofollow\">Read more<\/a>\t\t\t\t<\/div>\n\t\t\t\t\t<\/div>\n\t<\/div>\n<button class=\"woosw-btn woosw-btn-13245\" data-id=\"13245\" data-product_name=\"Amoy - Oyster Sauce 570 G\" data-product_image=\"https:\/\/dolfin.com.tr\/wp-content\/uploads\/2024\/09\/amoy-istiridye-sos-150x150.jpg\">Add to wishlist<\/button><\/li>\n\t\t\t<\/ul>\n\t\t\t<\/div>\n\n\t<nav class=\"yith-wcbr-brands-pagination woocommerce-pagination\">\n\t\t<span aria-current=\"page\" class=\"page-numbers current\">1<\/span>\n<a class=\"page-numbers\" href=\"\/en\/wp-json\/wp\/v3\/product\/11163?paged=2\">2<\/a>\n<a class=\"page-numbers\" href=\"\/en\/wp-json\/wp\/v3\/product\/11163?paged=3\">3<\/a>\n<a class=\"page-numbers\" href=\"\/en\/wp-json\/wp\/v3\/product\/11163?paged=4\">4<\/a>\n<a class=\"page-numbers\" href=\"\/en\/wp-json\/wp\/v3\/product\/11163?paged=5\">5<\/a>\n<a class=\"page-numbers\" href=\"\/en\/wp-json\/wp\/v3\/product\/11163?paged=6\">6<\/a>\n<a class=\"page-numbers\" href=\"\/en\/wp-json\/wp\/v3\/product\/11163?paged=7\">7<\/a>\n<a class=\"page-numbers\" href=\"\/en\/wp-json\/wp\/v3\/product\/11163?paged=8\">8<\/a>\n<a class=\"page-numbers\" href=\"\/en\/wp-json\/wp\/v3\/product\/11163?paged=9\">9<\/a>\n<a class=\"page-numbers\" href=\"\/en\/wp-json\/wp\/v3\/product\/11163?paged=10\">10<\/a>\n<a class=\"page-numbers\" href=\"\/en\/wp-json\/wp\/v3\/product\/11163?paged=11\">11<\/a>\n<a class=\"page-numbers\" href=\"\/en\/wp-json\/wp\/v3\/product\/11163?paged=12\">12<\/a>\n<a class=\"page-numbers\" href=\"\/en\/wp-json\/wp\/v3\/product\/11163?paged=13\">13<\/a>\n<a class=\"page-numbers\" href=\"\/en\/wp-json\/wp\/v3\/product\/11163?paged=14\">14<\/a>\n<a class=\"page-numbers\" href=\"\/en\/wp-json\/wp\/v3\/product\/11163?paged=15\">15<\/a>\n<a class=\"page-numbers\" href=\"\/en\/wp-json\/wp\/v3\/product\/11163?paged=16\">16<\/a>\n<a class=\"page-numbers\" href=\"\/en\/wp-json\/wp\/v3\/product\/11163?paged=17\">17<\/a>\n<a class=\"page-numbers\" href=\"\/en\/wp-json\/wp\/v3\/product\/11163?paged=18\">18<\/a>\n<a class=\"page-numbers\" href=\"\/en\/wp-json\/wp\/v3\/product\/11163?paged=19\">19<\/a>\n<a class=\"page-numbers\" href=\"\/en\/wp-json\/wp\/v3\/product\/11163?paged=20\">20<\/a>\n<a class=\"page-numbers\" href=\"\/en\/wp-json\/wp\/v3\/product\/11163?paged=21\">21<\/a>\n<a class=\"page-numbers\" href=\"\/en\/wp-json\/wp\/v3\/product\/11163?paged=22\">22<\/a>\n<a class=\"page-numbers\" href=\"\/en\/wp-json\/wp\/v3\/product\/11163?paged=23\">23<\/a>\n<a class=\"page-numbers\" href=\"\/en\/wp-json\/wp\/v3\/product\/11163?paged=24\">24<\/a>\n<a class=\"page-numbers\" href=\"\/en\/wp-json\/wp\/v3\/product\/11163?paged=25\">25<\/a>\n<a class=\"page-numbers\" href=\"\/en\/wp-json\/wp\/v3\/product\/11163?paged=26\">26<\/a>\n<a class=\"page-numbers\" href=\"\/en\/wp-json\/wp\/v3\/product\/11163?paged=27\">27<\/a>\n<a class=\"page-numbers\" href=\"\/en\/wp-json\/wp\/v3\/product\/11163?paged=28\">28<\/a>\n<a class=\"page-numbers\" href=\"\/en\/wp-json\/wp\/v3\/product\/11163?paged=29\">29<\/a>\n<a class=\"page-numbers\" href=\"\/en\/wp-json\/wp\/v3\/product\/11163?paged=30\">30<\/a>\n<a class=\"page-numbers\" href=\"\/en\/wp-json\/wp\/v3\/product\/11163?paged=31\">31<\/a>\n<a class=\"page-numbers\" href=\"\/en\/wp-json\/wp\/v3\/product\/11163?paged=32\">32<\/a>\n<a class=\"page-numbers\" href=\"\/en\/wp-json\/wp\/v3\/product\/11163?paged=33\">33<\/a>\n<a class=\"page-numbers\" href=\"\/en\/wp-json\/wp\/v3\/product\/11163?paged=34\">34<\/a>\n<a class=\"page-numbers\" href=\"\/en\/wp-json\/wp\/v3\/product\/11163?paged=35\">35<\/a>\n<a class=\"page-numbers\" href=\"\/en\/wp-json\/wp\/v3\/product\/11163?paged=36\">36<\/a>\n<a class=\"page-numbers\" href=\"\/en\/wp-json\/wp\/v3\/product\/11163?paged=37\">37<\/a>\n<a class=\"page-numbers\" href=\"\/en\/wp-json\/wp\/v3\/product\/11163?paged=38\">38<\/a>\n<a class=\"page-numbers\" href=\"\/en\/wp-json\/wp\/v3\/product\/11163?paged=39\">39<\/a>\n<a class=\"page-numbers\" href=\"\/en\/wp-json\/wp\/v3\/product\/11163?paged=40\">40<\/a>\n<a class=\"page-numbers\" href=\"\/en\/wp-json\/wp\/v3\/product\/11163?paged=41\">41<\/a>\n<a class=\"page-numbers\" href=\"\/en\/wp-json\/wp\/v3\/product\/11163?paged=42\">42<\/a>\n<a class=\"page-numbers\" href=\"\/en\/wp-json\/wp\/v3\/product\/11163?paged=43\">43<\/a>\n<a class=\"next page-numbers\" href=\"\/en\/wp-json\/wp\/v3\/product\/11163?paged=2\">><\/a>\t<\/nav>\n<\/div>\n\n\t\t<\/div>\n\t\t\t\t<\/div>\n\t\t            <\/div>\n        <\/div>\n                            <\/div>\n        <\/section>\n        \t\t\t\t\t<\/div>\n\t\t","protected":false},"excerpt":{"rendered":"<ul>\n<li>Packaging Details : 12 x 440 ml<\/li>\n<li>Product Code :\u00a0 169.06.016<\/li>\n<\/ul>\n","protected":false},"featured_media":11051,"template":"","meta":[],"product_cat":[166],"product_tag":[],"class_list":["post-11163","product","type-product","status-publish","has-post-thumbnail","hentry","product_cat-sauces-marinades-and-pates","yith_product_brand-crying-thaiger"],"_links":{"self":[{"href":"https:\/\/dolfin.com.tr\/en\/wp-json\/wp\/v3\/product\/11163","targetHints":{"allow":["GET"]}}],"collection":[{"href":"https:\/\/dolfin.com.tr\/en\/wp-json\/wp\/v3\/product"}],"about":[{"href":"https:\/\/dolfin.com.tr\/en\/wp-json\/wp\/v2\/types\/product"}],"version-history":[{"count":7,"href":"https:\/\/dolfin.com.tr\/en\/wp-json\/wp\/v3\/product\/11163\/revisions"}],"predecessor-version":[{"id":12904,"href":"https:\/\/dolfin.com.tr\/en\/wp-json\/wp\/v3\/product\/11163\/revisions\/12904"}],"wp:featuredmedia":[{"embeddable":true,"href":"https:\/\/dolfin.com.tr\/en\/wp-json\/wp\/v2\/media\/11051"}],"wp:attachment":[{"href":"https:\/\/dolfin.com.tr\/en\/wp-json\/wp\/v2\/media?parent=11163"}],"wp:term":[{"taxonomy":"product_cat","embeddable":true,"href":"https:\/\/dolfin.com.tr\/en\/wp-json\/wp\/v2\/product_cat?post=11163"},{"taxonomy":"product_tag","embeddable":true,"href":"https:\/\/dolfin.com.tr\/en\/wp-json\/wp\/v2\/product_tag?post=11163"}],"curies":[{"name":"wp","href":"https:\/\/api.w.org\/{rel}","templated":true}]}}