{"id":12345,"date":"2022-06-26T12:17:13","date_gmt":"2022-06-26T12:17:13","guid":{"rendered":"https:\/\/dolfin.com.tr\/hakkimizda\/"},"modified":"2023-08-27T21:46:55","modified_gmt":"2023-08-27T21:46:55","slug":"about-us","status":"publish","type":"page","link":"https:\/\/dolfin.com.tr\/en\/about-us\/","title":{"rendered":"About Us"},"content":{"rendered":"\t\t<div data-elementor-type=\"wp-page\" data-elementor-id=\"12345\" class=\"elementor elementor-12345\">\n\t\t\t\t\t\t\t        <section class=\"has_eae_slider elementor-section elementor-top-section elementor-element elementor-element-6783f87 elementor-section-stretched elementor-section-boxed elementor-section-height-default elementor-section-height-default ct-header-fixed-none ct-column-none ct-row-scroll-none\" data-id=\"6783f87\" data-element_type=\"section\" data-settings=\"{&quot;stretch_section&quot;:&quot;section-stretched&quot;}\">\n            \n                        <div class=\"elementor-container elementor-column-gap-extended \">\n                    <div class=\"has_eae_slider elementor-column elementor-col-50 elementor-top-column elementor-element elementor-element-53e43d5 ct-column-none\" data-id=\"53e43d5\" data-element_type=\"column\">\n            <div class=\"elementor-widget-wrap elementor-element-populated\">\n                        \t\t<div class=\"elementor-element elementor-element-07b6df7 elementor-widget elementor-widget-ct_heading\" data-id=\"07b6df7\" data-element_type=\"widget\" data-widget_type=\"ct_heading.default\">\n\t\t\t\t<div class=\"elementor-widget-container\">\n\t\t\t<div class=\"ct-heading h-align- item-st-default\">\r\n            <div class=\"item--sub-title\">\r\n            <span>\r\n                Dolfin G\u0131da            <\/span>\r\n        <\/div>\r\n        <h3 class=\"item--title case-animate-time st-default \" data-wow-delay=\"ms\">\r\n        <span>Meeting Point of World Tastes<\/span>    <\/h3>\r\n<\/div>\r\n\r\n\t\t<\/div>\n\t\t\t\t<\/div>\n\t\t\t\t<div class=\"elementor-element elementor-element-e1e77d9 elementor-widget elementor-widget-text-editor\" data-id=\"e1e77d9\" data-element_type=\"widget\" data-widget_type=\"text-editor.default\">\n\t\t\t\t<div class=\"elementor-widget-container\">\n\t\t\t<style>\/*! elementor - v3.12.1 - 02-04-2023 *\/\n.elementor-widget-text-editor.elementor-drop-cap-view-stacked .elementor-drop-cap{background-color:#69727d;color:#fff}.elementor-widget-text-editor.elementor-drop-cap-view-framed .elementor-drop-cap{color:#69727d;border:3px solid;background-color:transparent}.elementor-widget-text-editor:not(.elementor-drop-cap-view-default) .elementor-drop-cap{margin-top:8px}.elementor-widget-text-editor:not(.elementor-drop-cap-view-default) .elementor-drop-cap-letter{width:1em;height:1em}.elementor-widget-text-editor .elementor-drop-cap{float:left;text-align:center;line-height:1;font-size:50px}.elementor-widget-text-editor .elementor-drop-cap-letter{display:inline-block}<\/style>\t\t\t\t<p>Dolfin G\u0131da A.\u015e. was founded as a foreign trade company in 1959. Then it embarked on a fresh venture by entering the food business in 1995. Since then Dolfin G\u0131da has been under the spotlight as an innovative company with a unique insight by identifying consumer trends and sourcing products that will succeed in the Turkish market. It is this insight that makes Dolfin G\u0131da, a pioneer food importer and distributor in the Turkish market. We import from various countries and distribute to the national and international retail chains, deli shops, first-class and top gourmet restaurants, cafes, hotels, holiday resorts &amp; villages all over Turkey. Dolfin G\u0131da is also the exclusive distributor of many globally recognized brands in Turkey. We have a dedicated call center department to support our field marketing team to provide all customers with a rapid response to any specific requirements. We distribute by our own specialized fleet of vehicles in Istanbul and our strong distribution channels enable us to reach every corner in Turkey. We focus on brand awareness by working closely with all culinary arts schools; give trainings and workshops to the current and future chefs on the correct use of our products and inspire them about the alternative uses.<\/p>\t\t\t\t\t\t<\/div>\n\t\t\t\t<\/div>\n\t\t            <\/div>\n        <\/div>\n                <div class=\"has_eae_slider elementor-column elementor-col-50 elementor-top-column elementor-element elementor-element-508d338 ct-column-none\" data-id=\"508d338\" data-element_type=\"column\">\n            <div class=\"elementor-widget-wrap elementor-element-populated\">\n                        \t\t<div class=\"elementor-element elementor-element-a1922e1 elementor-widget elementor-widget-image\" data-id=\"a1922e1\" data-element_type=\"widget\" data-widget_type=\"image.default\">\n\t\t\t\t<div class=\"elementor-widget-container\">\n\t\t\t<style>\/*! elementor - v3.12.1 - 02-04-2023 *\/\n.elementor-widget-image{text-align:center}.elementor-widget-image a{display:inline-block}.elementor-widget-image a img[src$=\".svg\"]{width:48px}.elementor-widget-image img{vertical-align:middle;display:inline-block}<\/style>\t\t\t\t\t\t\t\t\t\t\t\t<img decoding=\"async\" width=\"640\" height=\"671\" src=\"https:\/\/dolfin.com.tr\/wp-content\/uploads\/2023\/03\/dolfin-urunler-kolaj.jpg\" class=\"attachment-large size-large wp-image-8931\" alt=\"\" srcset=\"https:\/\/dolfin.com.tr\/wp-content\/uploads\/2023\/03\/dolfin-urunler-kolaj.jpg 973w, https:\/\/dolfin.com.tr\/wp-content\/uploads\/2023\/03\/dolfin-urunler-kolaj-600x629.jpg 600w, https:\/\/dolfin.com.tr\/wp-content\/uploads\/2023\/03\/dolfin-urunler-kolaj-286x300.jpg 286w, https:\/\/dolfin.com.tr\/wp-content\/uploads\/2023\/03\/dolfin-urunler-kolaj-768x805.jpg 768w, https:\/\/dolfin.com.tr\/wp-content\/uploads\/2023\/03\/dolfin-urunler-kolaj-191x200.jpg 191w\" sizes=\"(max-width: 640px) 100vw, 640px\" \/>\t\t\t\t\t\t\t\t\t\t\t\t\t\t\t<\/div>\n\t\t\t\t<\/div>\n\t\t            <\/div>\n        <\/div>\n                            <\/div>\n        <\/section>\n                <section class=\"has_eae_slider elementor-section elementor-top-section elementor-element elementor-element-a1cd0c4 elementor-section-boxed elementor-section-height-default elementor-section-height-default ct-header-fixed-none ct-column-none ct-row-scroll-none\" data-id=\"a1cd0c4\" data-element_type=\"section\">\n            \n                        <div class=\"elementor-container elementor-column-gap-default \">\n                    <div class=\"has_eae_slider elementor-column elementor-col-100 elementor-top-column elementor-element elementor-element-32c35fd ct-column-none\" data-id=\"32c35fd\" data-element_type=\"column\">\n            <div class=\"elementor-widget-wrap elementor-element-populated\">\n                        \t\t<div class=\"elementor-element elementor-element-cdad098 elementor-widget elementor-widget-ct_heading\" data-id=\"cdad098\" data-element_type=\"widget\" data-widget_type=\"ct_heading.default\">\n\t\t\t\t<div class=\"elementor-widget-container\">\n\t\t\t<div class=\"ct-heading h-align- item-st-default\">\r\n            <div class=\"item--sub-title\">\r\n            <span>\r\n                Dolfin G\u0131da            <\/span>\r\n        <\/div>\r\n        <h3 class=\"item--title case-animate-time st-default bounceInRight\" data-wow-delay=\"ms\">\r\n        <span>Brands<\/span>    <\/h3>\r\n<\/div>\r\n\r\n\t\t<\/div>\n\t\t\t\t<\/div>\n\t\t            <\/div>\n        <\/div>\n                            <\/div>\n        <\/section>\n                <section class=\"has_eae_slider elementor-section elementor-top-section elementor-element elementor-element-078ba1d elementor-section-boxed elementor-section-height-default elementor-section-height-default ct-header-fixed-none ct-column-none ct-row-scroll-none\" data-id=\"078ba1d\" data-element_type=\"section\">\n            \n                        <div class=\"elementor-container elementor-column-gap-default \">\n                    <div class=\"has_eae_slider elementor-column elementor-col-100 elementor-top-column elementor-element elementor-element-157aac2 ct-column-none\" data-id=\"157aac2\" data-element_type=\"column\">\n            <div class=\"elementor-widget-wrap elementor-element-populated\">\n                        \t\t<div class=\"elementor-element elementor-element-48151b5 elementor-widget elementor-widget-shortcode\" data-id=\"48151b5\" data-element_type=\"widget\" data-widget_type=\"shortcode.default\">\n\t\t\t\t<div class=\"elementor-widget-container\">\n\t\t\t\t\t<div class=\"elementor-shortcode\">\n<div class=\"woocommerce yith-wcbr-brand-thumbnail-carousel shadow horizontal\">\n\t<div class=\"yith-wcbr-carousel-title\">\n\t\t\t<\/div>\n\n\t\t\t<div class=\"yith-wcbr-carousel-pagination-wrapper\">\n\t\t\t\t\t<\/div>\n\t\n\t<div class=\"yith-wcbr-thumbnail-list swiper-container\" data-slidesperview=\"4\" data-direction=\"horizontal\" data-autoplay=\"yes\" data-loop=\"no\">\n\t\t\t\t\t<ul class=\"swiper-wrapper\">\n\t\t\t\t\t\t\t<li class=\"swiper-slide\">\n\t\t\t\t\t<a href=\"https:\/\/dolfin.com.tr\/en\/marka\/zbarz-en\/\" title=\"Zbarz\"><img decoding=\"async\" src=\"https:\/\/dolfin.com.tr\/wp-content\/uploads\/2025\/02\/zbarz-logo-300x300.png\" width=\"300\" height=\"300\" alt=\"Zbarz\"\/><\/a>\t\t\t\t<\/li>\n\t\t\t\t\t\t\t<li class=\"swiper-slide\">\n\t\t\t\t\t<a href=\"https:\/\/dolfin.com.tr\/en\/marka\/tortilla-perfecto-en\/\" title=\"Tortilla Perfecto\"><img decoding=\"async\" src=\"https:\/\/dolfin.com.tr\/wp-content\/uploads\/2025\/08\/tortilla_perfecto-300x300.jpg\" width=\"300\" height=\"300\" alt=\"Tortilla Perfecto\"\/><\/a>\t\t\t\t<\/li>\n\t\t\t\t\t\t\t<li class=\"swiper-slide\">\n\t\t\t\t\t<a href=\"https:\/\/dolfin.com.tr\/en\/marka\/dolco-gold\/\" title=\"Dolco Gold\"><img decoding=\"async\" src=\"https:\/\/dolfin.com.tr\/wp-content\/uploads\/2023\/01\/dolco-300x300.jpg\" width=\"300\" height=\"300\" alt=\"Dolco Gold\"\/><\/a>\t\t\t\t<\/li>\n\t\t\t\t\t\t\t<li class=\"swiper-slide\">\n\t\t\t\t\t<a href=\"https:\/\/dolfin.com.tr\/en\/marka\/birds-en\/\" title=\"Birds\"><img decoding=\"async\" src=\"https:\/\/dolfin.com.tr\/wp-content\/uploads\/2023\/02\/birds-logo-300x300.jpg\" width=\"300\" height=\"300\" alt=\"Birds\"\/><\/a>\t\t\t\t<\/li>\n\t\t\t\t\t\t\t<li class=\"swiper-slide\">\n\t\t\t\t\t<a href=\"https:\/\/dolfin.com.tr\/en\/marka\/makoto\/\" title=\"Makoto\"><img decoding=\"async\" src=\"https:\/\/dolfin.com.tr\/wp-content\/uploads\/2023\/02\/makoto-logo-300x300.jpg\" width=\"300\" height=\"300\" alt=\"Makoto\"\/><\/a>\t\t\t\t<\/li>\n\t\t\t\t\t\t\t<li class=\"swiper-slide\">\n\t\t\t\t\t<a href=\"https:\/\/dolfin.com.tr\/en\/marka\/prezioso\/\" title=\"Prezioso\"><img decoding=\"async\" src=\"https:\/\/dolfin.com.tr\/wp-content\/uploads\/2023\/02\/prezioso-e1675642079163-300x300.jpg\" width=\"300\" height=\"300\" alt=\"Prezioso\"\/><\/a>\t\t\t\t<\/li>\n\t\t\t\t\t\t\t<li class=\"swiper-slide\">\n\t\t\t\t\t<a href=\"https:\/\/dolfin.com.tr\/en\/marka\/mizkan-en\/\" title=\"Mizkan\"><img decoding=\"async\" src=\"https:\/\/dolfin.com.tr\/wp-content\/uploads\/2023\/02\/mizkan-e1675642064933-300x300.jpg\" width=\"300\" height=\"300\" alt=\"Mizkan\"\/><\/a>\t\t\t\t<\/li>\n\t\t\t\t\t\t\t<li class=\"swiper-slide\">\n\t\t\t\t\t<a href=\"https:\/\/dolfin.com.tr\/en\/marka\/maekrua\/\" title=\"Maekrua\"><img decoding=\"async\" src=\"https:\/\/dolfin.com.tr\/wp-content\/uploads\/2023\/02\/maekrue-e1675642030348-300x300.jpg\" width=\"300\" height=\"300\" alt=\"Maekrua\"\/><\/a>\t\t\t\t<\/li>\n\t\t\t\t\t\t\t<li class=\"swiper-slide\">\n\t\t\t\t\t<a href=\"https:\/\/dolfin.com.tr\/en\/marka\/alpen-en\/\" title=\"Alpen\"><img decoding=\"async\" src=\"https:\/\/dolfin.com.tr\/wp-content\/uploads\/2023\/01\/alpen-300x300.jpg\" width=\"300\" height=\"300\" alt=\"Alpen\"\/><\/a>\t\t\t\t<\/li>\n\t\t\t\t\t\t\t<li class=\"swiper-slide\">\n\t\t\t\t\t<a href=\"https:\/\/dolfin.com.tr\/en\/marka\/nairns-en\/\" title=\"Nairns\"><img decoding=\"async\" src=\"https:\/\/dolfin.com.tr\/wp-content\/uploads\/2025\/01\/nairns-logo-300x300.jpg\" width=\"300\" height=\"300\" alt=\"Nairns\"\/><\/a>\t\t\t\t<\/li>\n\t\t\t\t\t\t\t<li class=\"swiper-slide\">\n\t\t\t\t\t<a href=\"https:\/\/dolfin.com.tr\/en\/marka\/antica-acetaia-en\/\" title=\"Antica Acetaia\"><img decoding=\"async\" src=\"https:\/\/dolfin.com.tr\/wp-content\/uploads\/2023\/02\/antica.acataia-logo-1-300x300.jpg\" width=\"300\" height=\"300\" alt=\"Antica Acetaia\"\/><\/a>\t\t\t\t<\/li>\n\t\t\t\t\t\t\t<li class=\"swiper-slide\">\n\t\t\t\t\t<a href=\"https:\/\/dolfin.com.tr\/en\/marka\/robertson\/\" title=\"Robertson\"><img decoding=\"async\" src=\"https:\/\/dolfin.com.tr\/wp-content\/uploads\/2023\/01\/robertsons-1-e1675643486173-300x300.jpg\" width=\"300\" height=\"300\" alt=\"Robertson\"\/><\/a>\t\t\t\t<\/li>\n\t\t\t\t\t\t\t<li class=\"swiper-slide\">\n\t\t\t\t\t<a href=\"https:\/\/dolfin.com.tr\/en\/marka\/yako-en\/\" title=\"yako\"><img decoding=\"async\" src=\"https:\/\/dolfin.com.tr\/wp-content\/uploads\/2023\/12\/yako-logo-300x300.png\" width=\"300\" height=\"300\" alt=\"yako\"\/><\/a>\t\t\t\t<\/li>\n\t\t\t\t\t\t\t<li class=\"swiper-slide\">\n\t\t\t\t\t<a href=\"https:\/\/dolfin.com.tr\/en\/marka\/manna-maple\/\" title=\"Manna Maple\"><img decoding=\"async\" src=\"https:\/\/dolfin.com.tr\/wp-content\/uploads\/2023\/05\/manna-maple-300x300.jpg\" width=\"300\" height=\"300\" alt=\"Manna Maple\"\/><\/a>\t\t\t\t<\/li>\n\t\t\t\t\t\t\t<li class=\"swiper-slide\">\n\t\t\t\t\t<a href=\"https:\/\/dolfin.com.tr\/en\/marka\/franks\/\" title=\"Frank\u2019s\"><img decoding=\"async\" src=\"https:\/\/dolfin.com.tr\/wp-content\/uploads\/2023\/01\/Franks_Logo_Desktop-e1675642244677-300x300.png\" width=\"300\" height=\"300\" alt=\"Frank\u2019s\"\/><\/a>\t\t\t\t<\/li>\n\t\t\t\t\t\t\t<li class=\"swiper-slide\">\n\t\t\t\t\t<a href=\"https:\/\/dolfin.com.tr\/en\/marka\/teptip\/\" title=\"TEPTIP\"><img decoding=\"async\" src=\"https:\/\/dolfin.com.tr\/wp-content\/uploads\/2023\/01\/teptip-e1675643345694-300x300.jpg\" width=\"300\" height=\"300\" alt=\"TEPTIP\"\/><\/a>\t\t\t\t<\/li>\n\t\t\t\t\t\t\t<li class=\"swiper-slide\">\n\t\t\t\t\t<a href=\"https:\/\/dolfin.com.tr\/en\/marka\/squid-brand\/\" title=\"Squid Brand\"><img decoding=\"async\" src=\"https:\/\/dolfin.com.tr\/wp-content\/uploads\/2023\/02\/squid-e1675643224775-300x300.jpg\" width=\"300\" height=\"300\" alt=\"Squid Brand\"\/><\/a>\t\t\t\t<\/li>\n\t\t\t\t\t\t\t<li class=\"swiper-slide\">\n\t\t\t\t\t<a href=\"https:\/\/dolfin.com.tr\/en\/marka\/dolco-gold-brand\/\" title=\"Dolco Gold Brand\"><img decoding=\"async\" src=\"https:\/\/dolfin.com.tr\/wp-content\/uploads\/2023\/01\/dolco.gold_.brand_-300x300.jpg\" width=\"300\" height=\"300\" alt=\"Dolco Gold Brand\"\/><\/a>\t\t\t\t<\/li>\n\t\t\t\t\t\t\t<li class=\"swiper-slide\">\n\t\t\t\t\t<a href=\"https:\/\/dolfin.com.tr\/en\/marka\/sarsons\/\" title=\"Sarsons\"><img decoding=\"async\" src=\"https:\/\/dolfin.com.tr\/wp-content\/uploads\/2023\/01\/sarsons-e1675643246309-300x300.jpg\" width=\"300\" height=\"300\" alt=\"Sarsons\"\/><\/a>\t\t\t\t<\/li>\n\t\t\t\t\t\t\t<li class=\"swiper-slide\">\n\t\t\t\t\t<a href=\"https:\/\/dolfin.com.tr\/en\/marka\/glora\/\" title=\"Glora\"><img decoding=\"async\" src=\"https:\/\/dolfin.com.tr\/wp-content\/uploads\/2025\/08\/glora_logo-300x300.jpg\" width=\"300\" height=\"300\" alt=\"Glora\"\/><\/a>\t\t\t\t<\/li>\n\t\t\t\t\t\t\t<li class=\"swiper-slide\">\n\t\t\t\t\t<a href=\"https:\/\/dolfin.com.tr\/en\/marka\/tas\/\" title=\"T.A.S\"><img decoding=\"async\" src=\"https:\/\/dolfin.com.tr\/wp-content\/uploads\/2023\/01\/tas.brand_-e1675643323795-300x300.jpg\" width=\"300\" height=\"300\" alt=\"T.A.S\"\/><\/a>\t\t\t\t<\/li>\n\t\t\t\t\t\t\t<li class=\"swiper-slide\">\n\t\t\t\t\t<a href=\"https:\/\/dolfin.com.tr\/en\/marka\/bisto-en\/\" title=\"Bisto\"><img decoding=\"async\" src=\"https:\/\/dolfin.com.tr\/wp-content\/uploads\/2023\/02\/bisto-300x300.jpg\" width=\"300\" height=\"300\" alt=\"Bisto\"\/><\/a>\t\t\t\t<\/li>\n\t\t\t\t\t\t\t<li class=\"swiper-slide\">\n\t\t\t\t\t<a href=\"https:\/\/dolfin.com.tr\/en\/marka\/gallo\/\" title=\"Gallo\"><img decoding=\"async\" src=\"https:\/\/dolfin.com.tr\/wp-content\/uploads\/2023\/02\/gallo-logo-300x300.jpg\" width=\"300\" height=\"300\" alt=\"Gallo\"\/><\/a>\t\t\t\t<\/li>\n\t\t\t\t\t\t\t<li class=\"swiper-slide\">\n\t\t\t\t\t<a href=\"https:\/\/dolfin.com.tr\/en\/marka\/vertmont\/\" title=\"Vertmont\"><img decoding=\"async\" src=\"https:\/\/dolfin.com.tr\/wp-content\/uploads\/2023\/05\/vertmont-300x300.jpg\" width=\"300\" height=\"300\" alt=\"Vertmont\"\/><\/a>\t\t\t\t<\/li>\n\t\t\t\t\t\t\t<li class=\"swiper-slide\">\n\t\t\t\t\t<a href=\"https:\/\/dolfin.com.tr\/en\/marka\/sharwoods\/\" title=\"Sharwoods\"><img decoding=\"async\" src=\"https:\/\/dolfin.com.tr\/wp-content\/uploads\/2023\/01\/sharwoods-e1675643265233-300x300.jpg\" width=\"300\" height=\"300\" alt=\"Sharwoods\"\/><\/a>\t\t\t\t<\/li>\n\t\t\t\t\t\t\t<li class=\"swiper-slide\">\n\t\t\t\t\t<a href=\"https:\/\/dolfin.com.tr\/en\/marka\/branston\/\" title=\"Branston\"><img decoding=\"async\" src=\"https:\/\/dolfin.com.tr\/wp-content\/uploads\/2023\/01\/branston-300x300.jpg\" width=\"300\" height=\"300\" alt=\"Branston\"\/><\/a>\t\t\t\t<\/li>\n\t\t\t\t\t\t\t<li class=\"swiper-slide\">\n\t\t\t\t\t<a href=\"https:\/\/dolfin.com.tr\/en\/marka\/weetabix\/\" title=\"Weetabix\"><img decoding=\"async\" src=\"https:\/\/dolfin.com.tr\/wp-content\/uploads\/2023\/02\/weetabix-e1675642205212-300x300.jpg\" width=\"300\" height=\"300\" alt=\"Weetabix\"\/><\/a>\t\t\t\t<\/li>\n\t\t\t\t\t\t\t<li class=\"swiper-slide\">\n\t\t\t\t\t<a href=\"https:\/\/dolfin.com.tr\/en\/marka\/other-products\/\" title=\"Other Products\"><img decoding=\"async\" src=\"https:\/\/dolfin.com.tr\/wp-content\/uploads\/2022\/12\/dolfin-l-300x300.png\" width=\"300\" height=\"300\" alt=\"Other Products\"\/><\/a>\t\t\t\t<\/li>\n\t\t\t\t\t\t\t<li class=\"swiper-slide\">\n\t\t\t\t\t<a href=\"https:\/\/dolfin.com.tr\/en\/marka\/crying-thaiger\/\" title=\"Crying Thaiger\"><img decoding=\"async\" src=\"https:\/\/dolfin.com.tr\/wp-content\/uploads\/2023\/02\/crying-thaiger-logo-300x300.png\" width=\"300\" height=\"300\" alt=\"Crying Thaiger\"\/><\/a>\t\t\t\t<\/li>\n\t\t\t\t\t\t\t<li class=\"swiper-slide\">\n\t\t\t\t\t<a href=\"https:\/\/dolfin.com.tr\/en\/marka\/suree\/\" title=\"Suree\"><img decoding=\"async\" src=\"https:\/\/dolfin.com.tr\/wp-content\/uploads\/2023\/02\/suree-logo-300x300.jpg\" width=\"300\" height=\"300\" alt=\"Suree\"\/><\/a>\t\t\t\t<\/li>\n\t\t\t\t\t\t\t<li class=\"swiper-slide\">\n\t\t\t\t\t<a href=\"https:\/\/dolfin.com.tr\/en\/marka\/larina\/\" title=\"Larina\"><img decoding=\"async\" src=\"https:\/\/dolfin.com.tr\/wp-content\/uploads\/2023\/02\/larina-e1675641918708-300x300.jpg\" width=\"300\" height=\"300\" alt=\"Larina\"\/><\/a>\t\t\t\t<\/li>\n\t\t\t\t\t\t\t<li class=\"swiper-slide\">\n\t\t\t\t\t<a href=\"https:\/\/dolfin.com.tr\/en\/marka\/de-nigris\/\" title=\"De Nigris\"><img decoding=\"async\" src=\"https:\/\/dolfin.com.tr\/wp-content\/uploads\/2023\/02\/de.nigris-300x300.jpg\" width=\"300\" height=\"300\" alt=\"De Nigris\"\/><\/a>\t\t\t\t<\/li>\n\t\t\t\t\t\t\t<li class=\"swiper-slide\">\n\t\t\t\t\t<a href=\"https:\/\/dolfin.com.tr\/en\/marka\/poco-loco\/\" title=\"Poco Loco\"><img decoding=\"async\" src=\"https:\/\/dolfin.com.tr\/wp-content\/uploads\/2023\/02\/poco-loco-logo-300x300.jpg\" width=\"300\" height=\"300\" alt=\"Poco Loco\"\/><\/a>\t\t\t\t<\/li>\n\t\t\t\t\t\t\t<li class=\"swiper-slide\">\n\t\t\t\t\t<a href=\"https:\/\/dolfin.com.tr\/en\/marka\/chef-seasons\/\" title=\"Chef Seasons\"><img decoding=\"async\" src=\"https:\/\/dolfin.com.tr\/wp-content\/uploads\/2023\/02\/chef.seasons-300x300.jpg\" width=\"300\" height=\"300\" alt=\"Chef Seasons\"\/><\/a>\t\t\t\t<\/li>\n\t\t\t\t\t\t\t<li class=\"swiper-slide\">\n\t\t\t\t\t<a href=\"https:\/\/dolfin.com.tr\/en\/marka\/fomilk\/\" title=\"Fomilk\"><img decoding=\"async\" src=\"https:\/\/dolfin.com.tr\/wp-content\/uploads\/2023\/03\/fomilk-logo.jpg\" width=\"280\" height=\"280\" alt=\"Fomilk\"\/><\/a>\t\t\t\t<\/li>\n\t\t\t\t\t\t\t<li class=\"swiper-slide\">\n\t\t\t\t\t<a href=\"https:\/\/dolfin.com.tr\/en\/marka\/un-do-tre\/\" title=\"Un Do Tre\"><img decoding=\"async\" src=\"https:\/\/dolfin.com.tr\/wp-content\/uploads\/2023\/02\/un.do_.tre_-e1675642140482-300x300.jpg\" width=\"300\" height=\"300\" alt=\"Un Do Tre\"\/><\/a>\t\t\t\t<\/li>\n\t\t\t\t\t\t\t<li class=\"swiper-slide\">\n\t\t\t\t\t<a href=\"https:\/\/dolfin.com.tr\/en\/marka\/amoy-en\/\" title=\"Amoy\"><img decoding=\"async\" src=\"https:\/\/dolfin.com.tr\/wp-content\/uploads\/2023\/01\/amoy-300x300.jpg\" width=\"300\" height=\"300\" alt=\"Amoy\"\/><\/a>\t\t\t\t<\/li>\n\t\t\t\t\t\t\t<li class=\"swiper-slide\">\n\t\t\t\t\t<a href=\"https:\/\/dolfin.com.tr\/en\/marka\/gullon\/\" title=\"Gullon\"><img decoding=\"async\" src=\"https:\/\/dolfin.com.tr\/wp-content\/uploads\/2023\/02\/gullon-e1675641901989-300x300.jpg\" width=\"300\" height=\"300\" alt=\"Gullon\"\/><\/a>\t\t\t\t<\/li>\n\t\t\t\t\t\t\t<li class=\"swiper-slide\">\n\t\t\t\t\t<a href=\"https:\/\/dolfin.com.tr\/en\/marka\/paxo\/\" title=\"Paxo\"><img decoding=\"async\" src=\"https:\/\/dolfin.com.tr\/wp-content\/uploads\/2023\/01\/paxo-e1675643422592-300x300.jpg\" width=\"300\" height=\"300\" alt=\"Paxo\"\/><\/a>\t\t\t\t<\/li>\n\t\t\t\t\t\t\t<li class=\"swiper-slide\">\n\t\t\t\t\t<a href=\"https:\/\/dolfin.com.tr\/en\/marka\/la-romenella\/\" title=\"La Romenella\"><img decoding=\"async\" src=\"https:\/\/dolfin.com.tr\/wp-content\/uploads\/2023\/08\/laromenella-logo-300x300.jpg\" width=\"300\" height=\"300\" alt=\"La Romenella\"\/><\/a>\t\t\t\t<\/li>\n\t\t\t\t\t\t\t<li class=\"swiper-slide\">\n\t\t\t\t\t<a href=\"https:\/\/dolfin.com.tr\/en\/marka\/kara-en\/\" title=\"Kara\"><img decoding=\"async\" src=\"https:\/\/dolfin.com.tr\/wp-content\/uploads\/2023\/11\/kara-coco-logos-300x300.png\" width=\"300\" height=\"300\" alt=\"Kara\"\/><\/a>\t\t\t\t<\/li>\n\t\t\t\t\t\t\t<li class=\"swiper-slide\">\n\t\t\t\t\t<a href=\"https:\/\/dolfin.com.tr\/en\/marka\/hatsuta-en\/\" title=\"Hatsuta\"><img decoding=\"async\" src=\"https:\/\/dolfin.com.tr\/wp-content\/uploads\/2024\/09\/hatsuta-300x300.jpg\" width=\"300\" height=\"300\" alt=\"Hatsuta\"\/><\/a>\t\t\t\t<\/li>\n\t\t\t\t\t\t<\/ul>\n\t\t\t<\/div>\n\n\t\n\t\t\t<div class=\"yith-wcbr-button-wrapper\">\n\t\t\t<div class=\"yith-wcbr-button-prev square\"><\/div>\n\t\t\t<div class=\"yith-wcbr-button-next square\"><\/div>\n\t\t<\/div>\n\t<\/div>\n\n<\/div>\n\t\t\t\t<\/div>\n\t\t\t\t<\/div>\n\t\t            <\/div>\n        <\/div>\n                            <\/div>\n        <\/section>\n        \t\t\t\t\t<\/div>\n\t\t","protected":false},"excerpt":{"rendered":"<p>Dolfin G\u0131da Meeting Point of World Tastes Dolfin G\u0131da A.\u015e. was founded as a foreign trade company in 1959. Then it embarked on a fresh venture by entering the food business in 1995. Since then Dolfin G\u0131da has been under the spotlight as an innovative company with a unique insight by identifying consumer trends and [&hellip;]<\/p>\n","protected":false},"author":1,"featured_media":0,"parent":0,"menu_order":0,"comment_status":"closed","ping_status":"closed","template":"","meta":{"footnotes":""},"class_list":["post-12345","page","type-page","status-publish","hentry"],"_links":{"self":[{"href":"https:\/\/dolfin.com.tr\/en\/wp-json\/wp\/v2\/pages\/12345","targetHints":{"allow":["GET"]}}],"collection":[{"href":"https:\/\/dolfin.com.tr\/en\/wp-json\/wp\/v2\/pages"}],"about":[{"href":"https:\/\/dolfin.com.tr\/en\/wp-json\/wp\/v2\/types\/page"}],"author":[{"embeddable":true,"href":"https:\/\/dolfin.com.tr\/en\/wp-json\/wp\/v2\/users\/1"}],"replies":[{"embeddable":true,"href":"https:\/\/dolfin.com.tr\/en\/wp-json\/wp\/v2\/comments?post=12345"}],"version-history":[{"count":11,"href":"https:\/\/dolfin.com.tr\/en\/wp-json\/wp\/v2\/pages\/12345\/revisions"}],"predecessor-version":[{"id":12616,"href":"https:\/\/dolfin.com.tr\/en\/wp-json\/wp\/v2\/pages\/12345\/revisions\/12616"}],"wp:attachment":[{"href":"https:\/\/dolfin.com.tr\/en\/wp-json\/wp\/v2\/media?parent=12345"}],"curies":[{"name":"wp","href":"https:\/\/api.w.org\/{rel}","templated":true}]}}